{"id":57,"date":"2022-09-08T09:19:57","date_gmt":"2022-09-08T09:19:57","guid":{"rendered":"https:\/\/rafsolarpower.magiavirtual.com\/?page_id=57"},"modified":"2025-05-16T07:07:16","modified_gmt":"2025-05-16T07:07:16","slug":"como-lo-hacemos","status":"publish","type":"page","link":"https:\/\/rafsolarpower.com\/index.php\/como-lo-hacemos\/","title":{"rendered":"LA SOLUCI\u00d3N"},"content":{"rendered":"<p>[vc_row full_width=&#8221;stretch_row_content_no_spaces&#8221; el_disable_mobile=&#8221;1&#8243; css=&#8221;.vc_custom_1663140430070{margin-top: 0px !important;margin-right: 0px !important;margin-bottom: 0px !important;margin-left: 0px !important;border-top-width: 0px !important;border-right-width: 0px !important;border-bottom-width: 0px !important;border-left-width: 0px !important;padding-top: 0px !important;padding-right: 0px !important;padding-bottom: 0px !important;padding-left: 0px !important;}&#8221; mobile_margin_top=&#8221;0&#8243; mobile_padding_top=&#8221;0&#8243; el_class=&#8221;banner&#8221;][vc_column css_animation=&#8221;zoomInDown&#8221;]<div class=\"avt_masterslider_el \" >\n\t\t<!-- MasterSlider -->\n\t\t<div id=\"P_MS69d26d43b89b6\" class=\"master-slider-parent ms-parent-id-1\" style=\"\" >\n\n\t\t\t\n\t\t\t<!-- MasterSlider Main -->\n\t\t\t<div id=\"MS69d26d43b89b6\" class=\"master-slider ms-skin-default\" >\n\t\t\t\t \t\t\t\t \n\n\t\t\t<div  class=\"ms-slide\" data-delay=\"3\" data-fill-mode=\"fill\"   >\n\t\t\t\t\t<img decoding=\"async\" src=\"https:\/\/rafsolarpower.com\/wp-content\/plugins\/masterslider\/public\/assets\/css\/blank.gif\" alt=\"\" title=\"casabanner\" data-src=\"https:\/\/rafsolarpower.com\/wp-content\/uploads\/2022\/09\/banner1-1.jpg\" \/>\n\n\n\t\t\t\t<\/div>\n\t\t\t<div  class=\"ms-slide\" data-delay=\"3\" data-fill-mode=\"fill\"   >\n\t\t\t\t\t<img decoding=\"async\" src=\"https:\/\/rafsolarpower.com\/wp-content\/plugins\/masterslider\/public\/assets\/css\/blank.gif\" alt=\"\" title=\"casabanner\" data-src=\"https:\/\/rafsolarpower.com\/wp-content\/uploads\/2022\/09\/banner2-1.jpg\" \/>\n\n\n\t\t\t\t<\/div>\n\t\t\t<div  class=\"ms-slide\" data-delay=\"3\" data-fill-mode=\"fill\"   >\n\t\t\t\t\t<img decoding=\"async\" src=\"https:\/\/rafsolarpower.com\/wp-content\/plugins\/masterslider\/public\/assets\/css\/blank.gif\" alt=\"\" title=\"banner3\" data-src=\"https:\/\/rafsolarpower.com\/wp-content\/uploads\/2022\/09\/banner3.jpg\" \/>\n\n\n\t\t\t\t<\/div>\n\n\t\t\t<\/div>\n\t\t\t<!-- END MasterSlider Main -->\n\n\t\t\t \n\t\t<\/div>\n\t\t<!-- END MasterSlider -->\n\n\t\t<script>\n\t\t( window.MSReady = window.MSReady || [] ).push( function( $ ) {\n\n\t\t\t\"use strict\";\n\t\t\tvar masterslider_89b6 = new MasterSlider();\n\n\t\t\t\/\/ slider controls\n\t\t\tmasterslider_89b6.control('arrows'     ,{ autohide:true, overVideo:true  });\n\t\t\t\/\/ slider setup\n\t\t\tmasterslider_89b6.setup(\"MS69d26d43b89b6\", {\n\t\t\t\twidth           : 1920,\n\t\t\t\theight          : 450,\n\t\t\t\tminHeight       : 0,\n\t\t\t\tspace           : 0,\n\t\t\t\tstart           : 1,\n\t\t\t\tgrabCursor      : true,\n\t\t\t\tswipe           : true,\n\t\t\t\tmouse           : true,\n\t\t\t\tkeyboard        : false,\n\t\t\t\tlayout          : \"fillwidth\",\n\t\t\t\twheel           : false,\n\t\t\t\tautoplay        : true,\n                instantStartLayers:false,\n\t\t\t\tmobileBGVideo:false,\n\t\t\t\tloop            : true,\n\t\t\t\tshuffle         : false,\n\t\t\t\tpreload         : 0,\n\t\t\t\theightLimit     : true,\n\t\t\t\tautoHeight      : true,\n\t\t\t\tsmoothHeight    : true,\n\t\t\t\tendPause        : false,\n\t\t\t\toverPause       : true,\n\t\t\t\tfillMode        : \"fill\",\n\t\t\t\tcenterControls  : true,\n\t\t\t\tstartOnAppear   : false,\n\t\t\t\tlayersMode      : \"center\",\n\t\t\t\tautofillTarget  : \"\",\n\t\t\t\thideLayers      : false,\n\t\t\t\tfullscreenMargin: 0,\n\t\t\t\tspeed           : 20,\n\t\t\t\tdir             : \"h\",\n\t\t\t\tresponsive      : true,\n\t\t\t\ttabletWidth     : 768,\n\t\t\t\ttabletHeight    : null,\n\t\t\t\tphoneWidth      : 480,\n\t\t\t\tphoneHeight    : null,\n\t\t\t\tsizingReference : window,\n\t\t\t\tparallaxMode    : 'swipe',\n\t\t\t\tview            : \"basic\"\n\t\t\t});\n\n\t\t\t\n\t\t\twindow.masterslider_instances = window.masterslider_instances || [];\n\t\t\twindow.masterslider_instances.push( masterslider_89b6 );\n\t\t});\n\t\t<\/script>\n\n<\/div>[\/vc_column][\/vc_row][vc_row full_width=&#8221;stretch_row_content_no_spaces&#8221; el_disable_desktop=&#8221;1&#8243; css=&#8221;.vc_custom_1663140435261{margin-top: 0px !important;margin-right: 0px !important;margin-bottom: 0px !important;margin-left: 0px !important;border-top-width: 0px !important;border-right-width: 0px !important;border-bottom-width: 0px !important;border-left-width: 0px !important;padding-top: 0px !important;padding-right: 0px !important;padding-bottom: 0px !important;padding-left: 0px !important;}&#8221; mobile_margin_top=&#8221;0&#8243; mobile_padding_top=&#8221;0&#8243; el_class=&#8221;banner&#8221;][vc_column css_animation=&#8221;zoomInDown&#8221;]<div class=\"avt_masterslider_el \" >\n\t\t<!-- MasterSlider -->\n\t\t<div id=\"P_MS69d26d43b927d\" class=\"master-slider-parent ms-parent-id-2\" style=\"\" >\n\n\t\t\t\n\t\t\t<!-- MasterSlider Main -->\n\t\t\t<div id=\"MS69d26d43b927d\" class=\"master-slider ms-skin-default\" >\n\t\t\t\t \t\t\t\t \n\n\t\t\t<div  class=\"ms-slide\" data-delay=\"3\" data-fill-mode=\"fill\"   >\n\t\t\t\t\t<img decoding=\"async\" src=\"https:\/\/rafsolarpower.com\/wp-content\/plugins\/masterslider\/public\/assets\/css\/blank.gif\" alt=\"\" title=\"bannercel1\" data-src=\"https:\/\/rafsolarpower.com\/wp-content\/uploads\/2022\/09\/bannercel1-1.jpg\" \/>\n\n\n\t\t\t\t<\/div>\n\t\t\t<div  class=\"ms-slide\" data-delay=\"3\" data-fill-mode=\"fill\"   >\n\t\t\t\t\t<img decoding=\"async\" src=\"https:\/\/rafsolarpower.com\/wp-content\/plugins\/masterslider\/public\/assets\/css\/blank.gif\" alt=\"\" title=\"bannercel2\" data-src=\"https:\/\/rafsolarpower.com\/wp-content\/uploads\/2022\/09\/bannercel2-1.jpg\" \/>\n\n\n\t\t\t\t<\/div>\n\t\t\t<div  class=\"ms-slide\" data-delay=\"3\" data-fill-mode=\"fill\"   >\n\t\t\t\t\t<img decoding=\"async\" src=\"https:\/\/rafsolarpower.com\/wp-content\/plugins\/masterslider\/public\/assets\/css\/blank.gif\" alt=\"\" title=\"bannercel3\" data-src=\"https:\/\/rafsolarpower.com\/wp-content\/uploads\/2022\/09\/bannercel3.jpg\" \/>\n\n\n\t\t\t\t<\/div>\n\n\t\t\t<\/div>\n\t\t\t<!-- END MasterSlider Main -->\n\n\t\t\t \n\t\t<\/div>\n\t\t<!-- END MasterSlider -->\n\n\t\t<script>\n\t\t( window.MSReady = window.MSReady || [] ).push( function( $ ) {\n\n\t\t\t\"use strict\";\n\t\t\tvar masterslider_927d = new MasterSlider();\n\n\t\t\t\/\/ slider controls\n\t\t\tmasterslider_927d.control('arrows'     ,{ autohide:true, overVideo:true  });\n\t\t\t\/\/ slider setup\n\t\t\tmasterslider_927d.setup(\"MS69d26d43b927d\", {\n\t\t\t\twidth           : 800,\n\t\t\t\theight          : 930,\n\t\t\t\tminHeight       : 0,\n\t\t\t\tspace           : 0,\n\t\t\t\tstart           : 1,\n\t\t\t\tgrabCursor      : true,\n\t\t\t\tswipe           : true,\n\t\t\t\tmouse           : true,\n\t\t\t\tkeyboard        : false,\n\t\t\t\tlayout          : \"fillwidth\",\n\t\t\t\twheel           : false,\n\t\t\t\tautoplay        : true,\n                instantStartLayers:false,\n\t\t\t\tmobileBGVideo:false,\n\t\t\t\tloop            : true,\n\t\t\t\tshuffle         : false,\n\t\t\t\tpreload         : 0,\n\t\t\t\theightLimit     : true,\n\t\t\t\tautoHeight      : false,\n\t\t\t\tsmoothHeight    : true,\n\t\t\t\tendPause        : false,\n\t\t\t\toverPause       : true,\n\t\t\t\tfillMode        : \"fill\",\n\t\t\t\tcenterControls  : true,\n\t\t\t\tstartOnAppear   : false,\n\t\t\t\tlayersMode      : \"center\",\n\t\t\t\tautofillTarget  : \"\",\n\t\t\t\thideLayers      : false,\n\t\t\t\tfullscreenMargin: 0,\n\t\t\t\tspeed           : 20,\n\t\t\t\tdir             : \"h\",\n\t\t\t\tresponsive      : true,\n\t\t\t\ttabletWidth     : 768,\n\t\t\t\ttabletHeight    : null,\n\t\t\t\tphoneWidth      : 480,\n\t\t\t\tphoneHeight    : null,\n\t\t\t\tsizingReference : window,\n\t\t\t\tparallaxMode    : 'swipe',\n\t\t\t\tview            : \"basic\"\n\t\t\t});\n\n\t\t\t\n\t\t\twindow.masterslider_instances = window.masterslider_instances || [];\n\t\t\twindow.masterslider_instances.push( masterslider_927d );\n\t\t});\n\t\t<\/script>\n\n<\/div>[\/vc_column][\/vc_row][vc_row][vc_column][vc_column_text el_class=&#8221;titulosgrandes&#8221;]<\/p>\n<p style=\"text-align: center;\"><strong><span style=\"color: #008000;\">La Soluci\u00f3n<\/span><br \/>\n<\/strong>[\/vc_column_text][\/vc_column][\/vc_row][vc_row full_width=&#8221;stretch_row&#8221; gap=&#8221;20&#8243; equal_height=&#8221;yes&#8221; css=&#8221;.vc_custom_1663270846338{margin-bottom: 0px !important;padding-top: 20px !important;padding-bottom: 20px !important;background-color: #f9fdff !important;}&#8221; el_class=&#8221;listabeneficios&#8221;][vc_column width=&#8221;1\/2&#8243;][vc_single_image image=&#8221;404&#8243; img_size=&#8221;full&#8221;][vc_single_image image=&#8221;407&#8243; img_size=&#8221;full&#8221;][\/vc_column][vc_column width=&#8221;1\/2&#8243;]<div class=\"gem-list gem-list-type-checkbox gem-list-color-4\" ><ul>\n<li>La soluci\u00f3n al problema de la energ\u00eda, es la instalaci\u00f3n de paneles fotovoltaicos que ayuden a las familias a reducir sus costos de electricidad, eliminando los altos recibos de electricidad no solo en los meses de verano e invierno, sino en todo el a\u00f1o.<\/li>\n<li>Los paneles solares tienen una garant\u00eda de f\u00e1brica por 25 a\u00f1os por cualquier desperfecto t\u00e9cnico en dicho per\u00edodo, sin costo alguno.<\/li>\n<li>La garant\u00eda por penetraci\u00f3n por la instalaci\u00f3n de los paneles solares en su techo ser\u00e1 de 10 a\u00f1os, sin costo alguno.<\/li>\n<li>Los pagos mensuales por los paneles solares son fijos por 25 a\u00f1os o menos siempre y cuando se haga el pago voluntario del 30% del valor del equipo hasta los primeros 18 meses.<\/li>\n<\/ul>\n<\/div><div class=\"gem-list gem-list-type-checkbox\" ><ul>\n<li>Bajo costo total al final de los 25 a\u00f1os, ahorr\u00e1ndose miles de d\u00f3lares por la instalaci\u00f3n de paneles solares en lugar de usar la energ\u00eda tradicional.<\/li>\n<li>Sin incrementos anuales, sin costos de distribuci\u00f3n, sin costo adicional por taxes, sin costo de mantenimiento o reparaciones.<\/li>\n<\/ul>\n<\/div>[\/vc_column][\/vc_row][vc_row full_width=&#8221;stretch_row&#8221; gap=&#8221;20&#8243; equal_height=&#8221;yes&#8221; content_placement=&#8221;middle&#8221; css=&#8221;.vc_custom_1664008079403{margin-bottom: 0px !important;padding-top: 0px !important;padding-bottom: 0px !important;background-color: #f9fdff !important;}&#8221;][vc_column width=&#8221;1\/2&#8243;]<div class=\"gem-list gem-list-type-checkbox\" ><h2><span style=\"color: #339966;\"><strong>PANELES SOLARES<\/strong><\/span><\/h2>\n<ul>\n<li>Usamos paneles solares Bluesun de alta potencia de 415 Watts con alta eficiencia para espacios peque\u00f1os.\u00a0 Obtendremos mayor producci\u00f3n de energ\u00eda solar en menos espacio.<br \/>\n<a href=\"https:\/\/de.powerbluesun.com\/uploadfile\/downloads\/HEX5-BSM415M10-54HPH-TH%20(BI-FACIAL%20CELLS-TRANSPARENT%20SINGLE%20GLASS_v220729.pdf\">Ver ficha t\u00e9cnica<\/a><\/li>\n<li>Tambi\u00e9n usaremos paneles solares marca Hyundai de 410 Watts con 25 a\u00f1os de garant\u00eda de fabrica para residencias de gran tama\u00f1o y espacio de tierra.<br \/>\n<a href=\"https:\/\/pdkompakt.hu\/wp-content\/uploads\/2024\/12\/HDHyundaiEnergySolutions_PVModule_Residential_YH_Datasheet24.06.07.pdf\">Ver ficha t\u00e9cnica<\/a><\/li>\n<li>Nuestros paneles cuentan con certificaciones en Estados Unidos, Europa y Asia.<\/li>\n<\/ul>\n<\/div>[\/vc_column][vc_column width=&#8221;1\/2&#8243;][vc_single_image image=&#8221;900&#8243; img_size=&#8221;full&#8221;][\/vc_column][\/vc_row][vc_row full_width=&#8221;stretch_row&#8221; gap=&#8221;20&#8243; equal_height=&#8221;yes&#8221; content_placement=&#8221;middle&#8221; css=&#8221;.vc_custom_1664008079403{margin-bottom: 0px !important;padding-top: 0px !important;padding-bottom: 0px !important;background-color: #f9fdff !important;}&#8221;][vc_column width=&#8221;1\/2&#8243;][vc_single_image image=&#8221;902&#8243; img_size=&#8221;full&#8221;][\/vc_column][vc_column width=&#8221;1\/2&#8243;]<div class=\"gem-list gem-list-type-checkbox\" ><h2><span style=\"color: #339966;\"><strong>INVERTIDORES<\/strong><\/span><\/h2>\n<ul>\n<li>Usamos invertidores marca Enphase para residencias, los m\u00e1s eficientes e inteligentes del mercado.<\/li>\n<li>F\u00e1cil acceso al monitoreo del sistema solar a trav\u00e9s de la aplicacion de Enphase, permitiendo monitorear cada panel independientemente sin costo alguno.<\/li>\n<li>25 a\u00f1os de garant\u00eda de fabrica.<\/li>\n<li>F\u00e1cil acceso al monitoreo del sistema solar a trav\u00e9s de la aplicacion de Solis, sin costo alguno ni necesidad de internet adicional.<\/li>\n<\/ul>\n<p><a href=\"https:\/\/enphase.com\/sites\/default\/files\/2021-10\/IQ8-Series-DS-US.pdf\">Ver ficha t\u00e9cnica<\/a><\/p>\n<\/div>[\/vc_column][\/vc_row][vc_row full_width=&#8221;stretch_row&#8221; gap=&#8221;20&#8243; equal_height=&#8221;yes&#8221; content_placement=&#8221;middle&#8221; css=&#8221;.vc_custom_1664008017178{margin-bottom: 0px !important;padding-top: 0px !important;padding-bottom: 0px !important;background-color: #f9fdff !important;}&#8221;][vc_column width=&#8221;1\/2&#8243;][vc_single_image image=&#8221;674&#8243; img_size=&#8221;full&#8221;][\/vc_column][vc_column width=&#8221;1\/2&#8243;]<div class=\"gem-list gem-list-type-checkbox\" ><ul>\n<li>Rieles Iron ridge es la marca l\u00edder mundial en equipos para la instalaci\u00f3n de paneles solares en techos planos y techos inclinados con tejas de asfalto, anticorrosivos, soporta vientos muy fuertes sosteniendo los paneles con firmeza, soportando ca\u00eddas de nieve y muy seguros en su clase, permite usar pocas penetraciones en el techo reduciendo el tiempo de instalaci\u00f3n.<br \/>\n<a href=\"http:\/\/files.ironridge.com\/roofmounting%2FIronRidge_XR_Rail_Family_Tech_Brief_01_11.pdf\">Ver ficha t\u00e9cnica<\/a><\/li>\n<\/ul>\n<\/div>[\/vc_column][\/vc_row][vc_row full_width=&#8221;stretch_row&#8221; gap=&#8221;20&#8243; equal_height=&#8221;yes&#8221; content_placement=&#8221;middle&#8221; css=&#8221;.vc_custom_1664008005635{margin-bottom: 0px !important;padding-top: 0px !important;padding-bottom: 0px !important;background-color: #f9fdff !important;}&#8221;][vc_column width=&#8221;1\/2&#8243;]<div class=\"gem-list gem-list-type-checkbox\" ><ul>\n<li>Esta pieza puede ser instalada en las tejas, en las vigas principales del techo o en el playwood ya que cuenta con una base de goma que previene filtraciones gracias a su adhesivo de butil.<\/li>\n<li>A diferencia de nuestra competencia que ofrece de 10 a 12 a\u00f1os de garant\u00eda por causa de las penetraciones al techo.<br \/>\n<a href=\"https:\/\/files.ironridge.com\/pitched-roof-mounting\/resources\/brochures\/IronRidge_QuickMount_HUG_Halo_UltraGrip_Tech_Brief.pdf\">Ver ficha t\u00e9cnica<\/a><\/li>\n<\/ul>\n<\/div>[\/vc_column][vc_column width=&#8221;1\/2&#8243;][vc_single_image image=&#8221;912&#8243; img_size=&#8221;full&#8221;][\/vc_column][\/vc_row][vc_row][vc_column][vc_column_text]<\/p>\n<h2 style=\"text-align: center;\"><span style=\"color: #339966;\"><strong>GARANT\u00cdA DE POR VIDA<\/strong><\/span><\/h2>\n<p>Garantia de por vida para los paneles solares, optimizadores, invertidores, mano de obra, diagn\u00f3stico y penetraci\u00f3n en el techo.<\/p>\n<p style=\"text-align: center;\"><a href=\"https:\/\/ugc.production.linktr.ee\/d183f623-ab5c-4026-9d59-80036b08e660_AlignSolar-2-Pager--1-.pdf\">Ver brochure<\/a><\/p>\n<p>[\/vc_column_text][vc_column_text]<img decoding=\"async\" class=\"alignnone wp-image-918 size-full\" src=\"https:\/\/rafsolarpower.com\/wp-content\/uploads\/2025\/05\/al2.jpg\" alt=\"\" width=\"1452\" height=\"741\" srcset=\"https:\/\/rafsolarpower.com\/wp-content\/uploads\/2025\/05\/al2.jpg 1452w, https:\/\/rafsolarpower.com\/wp-content\/uploads\/2025\/05\/al2-250x128.jpg 250w, https:\/\/rafsolarpower.com\/wp-content\/uploads\/2025\/05\/al2-1024x523.jpg 1024w, https:\/\/rafsolarpower.com\/wp-content\/uploads\/2025\/05\/al2-150x77.jpg 150w, https:\/\/rafsolarpower.com\/wp-content\/uploads\/2025\/05\/al2-768x392.jpg 768w\" sizes=\"(max-width: 1452px) 100vw, 1452px\" \/>[\/vc_column_text][\/vc_column][\/vc_row]<\/p>\n","protected":false},"excerpt":{"rendered":"<p>[vc_row full_width=&#8221;stretch_row_content_no_spaces&#8221; el_disable_mobile=&#8221;1&#8243; css=&#8221;.vc_custom_1663140430070{margin-top: 0px !important;margin-right: 0px !important;margin-bottom: 0px !important;margin-left: 0px !important;border-top-width: 0px !important;border-right-width: 0px !important;border-bottom-width: 0px !important;border-left-width: 0px !important;padding-top:&#8230;<\/p>\n","protected":false},"author":1,"featured_media":0,"parent":0,"menu_order":0,"comment_status":"closed","ping_status":"closed","template":"","meta":{"footnotes":""},"class_list":["post-57","page","type-page","status-publish"],"_links":{"self":[{"href":"https:\/\/rafsolarpower.com\/index.php\/wp-json\/wp\/v2\/pages\/57","targetHints":{"allow":["GET"]}}],"collection":[{"href":"https:\/\/rafsolarpower.com\/index.php\/wp-json\/wp\/v2\/pages"}],"about":[{"href":"https:\/\/rafsolarpower.com\/index.php\/wp-json\/wp\/v2\/types\/page"}],"author":[{"embeddable":true,"href":"https:\/\/rafsolarpower.com\/index.php\/wp-json\/wp\/v2\/users\/1"}],"replies":[{"embeddable":true,"href":"https:\/\/rafsolarpower.com\/index.php\/wp-json\/wp\/v2\/comments?post=57"}],"version-history":[{"count":136,"href":"https:\/\/rafsolarpower.com\/index.php\/wp-json\/wp\/v2\/pages\/57\/revisions"}],"predecessor-version":[{"id":296,"href":"https:\/\/rafsolarpower.com\/index.php\/wp-json\/wp\/v2\/pages\/57\/revisions\/296"}],"wp:attachment":[{"href":"https:\/\/rafsolarpower.com\/index.php\/wp-json\/wp\/v2\/media?parent=57"}],"curies":[{"name":"wp","href":"https:\/\/api.w.org\/{rel}","templated":true}]}}