{"id":55,"date":"2022-09-08T09:19:47","date_gmt":"2022-09-08T09:19:47","guid":{"rendered":"https:\/\/rafsolarpower.magiavirtual.com\/?page_id=55"},"modified":"2025-05-16T04:10:02","modified_gmt":"2025-05-16T04:10:02","slug":"problematica","status":"publish","type":"page","link":"https:\/\/rafsolarpower.com\/index.php\/problematica\/","title":{"rendered":"LA PROBLEM\u00c1TICA"},"content":{"rendered":"<p>[vc_row full_width=&#8221;stretch_row_content_no_spaces&#8221; el_disable_mobile=&#8221;1&#8243; css=&#8221;.vc_custom_1663140430070{margin-top: 0px !important;margin-right: 0px !important;margin-bottom: 0px !important;margin-left: 0px !important;border-top-width: 0px !important;border-right-width: 0px !important;border-bottom-width: 0px !important;border-left-width: 0px !important;padding-top: 0px !important;padding-right: 0px !important;padding-bottom: 0px !important;padding-left: 0px !important;}&#8221; mobile_margin_top=&#8221;0&#8243; mobile_padding_top=&#8221;0&#8243; el_class=&#8221;banner&#8221;][vc_column css_animation=&#8221;zoomInDown&#8221;]<div class=\"avt_masterslider_el \" >\n\t\t<!-- MasterSlider -->\n\t\t<div id=\"P_MS69d26b11e4eac\" class=\"master-slider-parent ms-parent-id-1\" style=\"\" >\n\n\t\t\t\n\t\t\t<!-- MasterSlider Main -->\n\t\t\t<div id=\"MS69d26b11e4eac\" class=\"master-slider ms-skin-default\" >\n\t\t\t\t \t\t\t\t \n\n\t\t\t<div  class=\"ms-slide\" data-delay=\"3\" data-fill-mode=\"fill\"   >\n\t\t\t\t\t<img decoding=\"async\" src=\"https:\/\/rafsolarpower.com\/wp-content\/plugins\/masterslider\/public\/assets\/css\/blank.gif\" alt=\"\" title=\"casabanner\" data-src=\"https:\/\/rafsolarpower.com\/wp-content\/uploads\/2022\/09\/banner1-1.jpg\" \/>\n\n\n\t\t\t\t<\/div>\n\t\t\t<div  class=\"ms-slide\" data-delay=\"3\" data-fill-mode=\"fill\"   >\n\t\t\t\t\t<img decoding=\"async\" src=\"https:\/\/rafsolarpower.com\/wp-content\/plugins\/masterslider\/public\/assets\/css\/blank.gif\" alt=\"\" title=\"casabanner\" data-src=\"https:\/\/rafsolarpower.com\/wp-content\/uploads\/2022\/09\/banner2-1.jpg\" \/>\n\n\n\t\t\t\t<\/div>\n\t\t\t<div  class=\"ms-slide\" data-delay=\"3\" data-fill-mode=\"fill\"   >\n\t\t\t\t\t<img decoding=\"async\" src=\"https:\/\/rafsolarpower.com\/wp-content\/plugins\/masterslider\/public\/assets\/css\/blank.gif\" alt=\"\" title=\"banner3\" data-src=\"https:\/\/rafsolarpower.com\/wp-content\/uploads\/2022\/09\/banner3.jpg\" \/>\n\n\n\t\t\t\t<\/div>\n\n\t\t\t<\/div>\n\t\t\t<!-- END MasterSlider Main -->\n\n\t\t\t \n\t\t<\/div>\n\t\t<!-- END MasterSlider -->\n\n\t\t<script>\n\t\t( window.MSReady = window.MSReady || [] ).push( function( $ ) {\n\n\t\t\t\"use strict\";\n\t\t\tvar masterslider_4eac = new MasterSlider();\n\n\t\t\t\/\/ slider controls\n\t\t\tmasterslider_4eac.control('arrows'     ,{ autohide:true, overVideo:true  });\n\t\t\t\/\/ slider setup\n\t\t\tmasterslider_4eac.setup(\"MS69d26b11e4eac\", {\n\t\t\t\twidth           : 1920,\n\t\t\t\theight          : 450,\n\t\t\t\tminHeight       : 0,\n\t\t\t\tspace           : 0,\n\t\t\t\tstart           : 1,\n\t\t\t\tgrabCursor      : true,\n\t\t\t\tswipe           : true,\n\t\t\t\tmouse           : true,\n\t\t\t\tkeyboard        : false,\n\t\t\t\tlayout          : \"fillwidth\",\n\t\t\t\twheel           : false,\n\t\t\t\tautoplay        : true,\n                instantStartLayers:false,\n\t\t\t\tmobileBGVideo:false,\n\t\t\t\tloop            : true,\n\t\t\t\tshuffle         : false,\n\t\t\t\tpreload         : 0,\n\t\t\t\theightLimit     : true,\n\t\t\t\tautoHeight      : true,\n\t\t\t\tsmoothHeight    : true,\n\t\t\t\tendPause        : false,\n\t\t\t\toverPause       : true,\n\t\t\t\tfillMode        : \"fill\",\n\t\t\t\tcenterControls  : true,\n\t\t\t\tstartOnAppear   : false,\n\t\t\t\tlayersMode      : \"center\",\n\t\t\t\tautofillTarget  : \"\",\n\t\t\t\thideLayers      : false,\n\t\t\t\tfullscreenMargin: 0,\n\t\t\t\tspeed           : 20,\n\t\t\t\tdir             : \"h\",\n\t\t\t\tresponsive      : true,\n\t\t\t\ttabletWidth     : 768,\n\t\t\t\ttabletHeight    : null,\n\t\t\t\tphoneWidth      : 480,\n\t\t\t\tphoneHeight    : null,\n\t\t\t\tsizingReference : window,\n\t\t\t\tparallaxMode    : 'swipe',\n\t\t\t\tview            : \"basic\"\n\t\t\t});\n\n\t\t\t\n\t\t\twindow.masterslider_instances = window.masterslider_instances || [];\n\t\t\twindow.masterslider_instances.push( masterslider_4eac );\n\t\t});\n\t\t<\/script>\n\n<\/div>[\/vc_column][\/vc_row][vc_row full_width=&#8221;stretch_row_content_no_spaces&#8221; el_disable_desktop=&#8221;1&#8243; css=&#8221;.vc_custom_1663140435261{margin-top: 0px !important;margin-right: 0px !important;margin-bottom: 0px !important;margin-left: 0px !important;border-top-width: 0px !important;border-right-width: 0px !important;border-bottom-width: 0px !important;border-left-width: 0px !important;padding-top: 0px !important;padding-right: 0px !important;padding-bottom: 0px !important;padding-left: 0px !important;}&#8221; mobile_margin_top=&#8221;0&#8243; mobile_padding_top=&#8221;0&#8243; el_class=&#8221;banner&#8221;][vc_column css_animation=&#8221;zoomInDown&#8221;]<div class=\"avt_masterslider_el \" >\n\t\t<!-- MasterSlider -->\n\t\t<div id=\"P_MS69d26b11e5426\" class=\"master-slider-parent ms-parent-id-2\" style=\"\" >\n\n\t\t\t\n\t\t\t<!-- MasterSlider Main -->\n\t\t\t<div id=\"MS69d26b11e5426\" class=\"master-slider ms-skin-default\" >\n\t\t\t\t \t\t\t\t \n\n\t\t\t<div  class=\"ms-slide\" data-delay=\"3\" data-fill-mode=\"fill\"   >\n\t\t\t\t\t<img decoding=\"async\" src=\"https:\/\/rafsolarpower.com\/wp-content\/plugins\/masterslider\/public\/assets\/css\/blank.gif\" alt=\"\" title=\"bannercel1\" data-src=\"https:\/\/rafsolarpower.com\/wp-content\/uploads\/2022\/09\/bannercel1-1.jpg\" \/>\n\n\n\t\t\t\t<\/div>\n\t\t\t<div  class=\"ms-slide\" data-delay=\"3\" data-fill-mode=\"fill\"   >\n\t\t\t\t\t<img decoding=\"async\" src=\"https:\/\/rafsolarpower.com\/wp-content\/plugins\/masterslider\/public\/assets\/css\/blank.gif\" alt=\"\" title=\"bannercel2\" data-src=\"https:\/\/rafsolarpower.com\/wp-content\/uploads\/2022\/09\/bannercel2-1.jpg\" \/>\n\n\n\t\t\t\t<\/div>\n\t\t\t<div  class=\"ms-slide\" data-delay=\"3\" data-fill-mode=\"fill\"   >\n\t\t\t\t\t<img decoding=\"async\" src=\"https:\/\/rafsolarpower.com\/wp-content\/plugins\/masterslider\/public\/assets\/css\/blank.gif\" alt=\"\" title=\"bannercel3\" data-src=\"https:\/\/rafsolarpower.com\/wp-content\/uploads\/2022\/09\/bannercel3.jpg\" \/>\n\n\n\t\t\t\t<\/div>\n\n\t\t\t<\/div>\n\t\t\t<!-- END MasterSlider Main -->\n\n\t\t\t \n\t\t<\/div>\n\t\t<!-- END MasterSlider -->\n\n\t\t<script>\n\t\t( window.MSReady = window.MSReady || [] ).push( function( $ ) {\n\n\t\t\t\"use strict\";\n\t\t\tvar masterslider_5426 = new MasterSlider();\n\n\t\t\t\/\/ slider controls\n\t\t\tmasterslider_5426.control('arrows'     ,{ autohide:true, overVideo:true  });\n\t\t\t\/\/ slider setup\n\t\t\tmasterslider_5426.setup(\"MS69d26b11e5426\", {\n\t\t\t\twidth           : 800,\n\t\t\t\theight          : 930,\n\t\t\t\tminHeight       : 0,\n\t\t\t\tspace           : 0,\n\t\t\t\tstart           : 1,\n\t\t\t\tgrabCursor      : true,\n\t\t\t\tswipe           : true,\n\t\t\t\tmouse           : true,\n\t\t\t\tkeyboard        : false,\n\t\t\t\tlayout          : \"fillwidth\",\n\t\t\t\twheel           : false,\n\t\t\t\tautoplay        : true,\n                instantStartLayers:false,\n\t\t\t\tmobileBGVideo:false,\n\t\t\t\tloop            : true,\n\t\t\t\tshuffle         : false,\n\t\t\t\tpreload         : 0,\n\t\t\t\theightLimit     : true,\n\t\t\t\tautoHeight      : false,\n\t\t\t\tsmoothHeight    : true,\n\t\t\t\tendPause        : false,\n\t\t\t\toverPause       : true,\n\t\t\t\tfillMode        : \"fill\",\n\t\t\t\tcenterControls  : true,\n\t\t\t\tstartOnAppear   : false,\n\t\t\t\tlayersMode      : \"center\",\n\t\t\t\tautofillTarget  : \"\",\n\t\t\t\thideLayers      : false,\n\t\t\t\tfullscreenMargin: 0,\n\t\t\t\tspeed           : 20,\n\t\t\t\tdir             : \"h\",\n\t\t\t\tresponsive      : true,\n\t\t\t\ttabletWidth     : 768,\n\t\t\t\ttabletHeight    : null,\n\t\t\t\tphoneWidth      : 480,\n\t\t\t\tphoneHeight    : null,\n\t\t\t\tsizingReference : window,\n\t\t\t\tparallaxMode    : 'swipe',\n\t\t\t\tview            : \"basic\"\n\t\t\t});\n\n\t\t\t\n\t\t\twindow.masterslider_instances = window.masterslider_instances || [];\n\t\t\twindow.masterslider_instances.push( masterslider_5426 );\n\t\t});\n\t\t<\/script>\n\n<\/div>[\/vc_column][\/vc_row][vc_row][vc_column][vc_column_text el_class=&#8221;titulosgrandes&#8221;]<\/p>\n<p style=\"text-align: center;\"><span style=\"color: #008000;\"><strong>La Problem\u00e1tica<\/strong><\/span><\/p>\n<p>[\/vc_column_text][\/vc_column][\/vc_row][vc_row full_width=&#8221;stretch_row&#8221; gap=&#8221;20&#8243; css_animation=&#8221;fadeInRightBig&#8221; css=&#8221;.vc_custom_1663269573370{margin-bottom: 0px !important;padding-top: 20px !important;padding-bottom: 20px !important;background-color: #f9fdff !important;}&#8221;][vc_column width=&#8221;1\/2&#8243; el_class=&#8221;beneficiosfoto&#8221;][vc_single_image image=&#8221;881&#8243; img_size=&#8221;full&#8221;][\/vc_column][vc_column width=&#8221;1\/2&#8243; css_animation=&#8221;bounceInDown&#8221;][vc_column_text css_animation=&#8221;bounceIn&#8221;]<\/p>\n<h2 class=\"title-h3 styled-subtitle\"><span style=\"color: #008000;\">Los precios de la energ\u00eda suben constantemente\u00a0<\/span><\/h2>\n<p>[\/vc_column_text]<div class=\"gem-list gem-list-type-checkbox gem-list-color-4\" ><ul>\n<li>Seg\u00fan la EIA los precios de la energ\u00eda tradicional se han incrementado alrededor del 112% en los \u00faltimos 24 a\u00f1os, eso significa 4.66% de incremento en promedio anualmente.<\/li>\n<li>De Enero del 2022 a Enero del 2023 los precios de la energ\u00eda tradicional en Maryland, se han incrementado en 18.34% en promedio. (Fuente: U.S. Energy Information Administration).<\/li>\n<li>Actualmente ning\u00fan propietario de casa tiene asegurado un precio fijo por la electricidad que consume. Si cada propietario de casa calculara el dinero que gastar\u00e1 en energ\u00eda en los pr\u00f3ximos 25 a\u00f1os, equivaldr\u00eda al valor de comprar 2 a 3 sistemas solares, sin tenerlos.<\/li>\n<li>Si un propietario gasta un promedio de $190 mensuales por su electricidad, al cabo de 30 a\u00f1os se habra convertido en $591 por mes o $127,585 en todo este per\u00edodo con solo un incremento del 4% anual, por la misma cantidad de energ\u00eda consumida.<\/li>\n<li><span style=\"color: #008000;\"><strong><em>Pregunta:<\/em><\/strong><\/span> En la actualidad, cu\u00e1ndo terminar\u00e1s de pagar la energ\u00eda electrica tradicional?<br \/>\n<span style=\"color: #008000;\"><strong><em>Respuesta: NUNCA<\/em><\/strong><\/span><\/li>\n<\/ul>\n<\/div>[\/vc_column][\/vc_row][vc_row full_width=&#8221;stretch_row&#8221; gap=&#8221;20&#8243; css_animation=&#8221;fadeInRightBig&#8221; css=&#8221;.vc_custom_1663269531923{margin-bottom: 0px !important;padding-top: 20px !important;padding-bottom: 20px !important;background-color: #ffffff !important;}&#8221;][vc_column width=&#8221;1\/2&#8243; css_animation=&#8221;bounceInUp&#8221;][vc_column_text css_animation=&#8221;bounceIn&#8221;]<\/p>\n<h2><span style=\"color: #008000;\">LOS USUARIOS DE ENERG\u00cdA TRADICIONAL EST\u00c1N OBLIGADOS A PAGAR POR LOS SIGUIENTES CONCEPTOS:<\/span><\/h2>\n<p>[\/vc_column_text]<div class=\"gem-list gem-list-type-checkbox gem-list-color-4\" ><ul>\n<li>Los costos de reparaciones, cambio de infraestructura, taxes, corte de arboles entre otros costos lo pagan todos los usuarios en sus recibos cada mes, adem\u00e1s por la distribuci\u00f3n de la energ\u00eda misma.<\/li>\n<li>La Distribuci\u00f3n de la electricidad genera costos que todos los usuarios lo pagan en sus recibos.<\/li>\n<\/ul>\n<\/div>[\/vc_column][vc_column width=&#8221;1\/2&#8243; el_class=&#8221;beneficiosfoto&#8221;][vc_single_image image=&#8221;374&#8243; img_size=&#8221;full&#8221; css_animation=&#8221;fadeInLeft&#8221;][\/vc_column][\/vc_row][vc_row full_width=&#8221;stretch_row&#8221; gap=&#8221;20&#8243; equal_height=&#8221;yes&#8221; css_animation=&#8221;fadeInLeftBig&#8221; css=&#8221;.vc_custom_1663269544706{margin-bottom: 0px !important;padding-top: 20px !important;padding-bottom: 20px !important;background-color: #f9fdff !important;}&#8221; el_class=&#8221;listabeneficios&#8221;][vc_column width=&#8221;1\/2&#8243;][vc_single_image image=&#8221;292&#8243; img_size=&#8221;full&#8221;][\/vc_column][vc_column width=&#8221;1\/2&#8243; css_animation=&#8221;bounceInLeft&#8221; el_class=&#8221;beneficiosfoto&#8221;][vc_column_text css_animation=&#8221;bounceIn&#8221;]<\/p>\n<h2><span style=\"color: #008000;\">Lee con atenci\u00f3n tu recibo de energ\u00eda y te sorprender\u00e1s de todo lo que pagas<\/span><\/h2>\n<p>[\/vc_column_text]<div class=\"gem-list gem-list-type-checkbox gem-list-color-4\" ><ul>\n<li>Sab\u00edas que en tu recibo de electricidad en el rubro de Distribuci\u00f3n, te cobran por &#8220;Empower MD Charge&#8221;?<\/li>\n<li>El Empower MD Charge son los fondos para los incentivos de energ\u00eda renovable que todos los usuarios pagan, pero no todos lo aprovechan.<\/li>\n<li>Los clientes pagan impuestos y costos administrativos que incrementan las tarifas, sin embargo la energ\u00eda renovable est\u00e1 libre de impuestos.<\/li>\n<li>La compa\u00f1\u00eda de electriciad tradicional te cargar\u00e1 seg\u00fan tu consumo mensual en tu hogar, medido en kW\/h. Sin embargo si los paneles solares reemplazan esa energ\u00eda tu recibo de electricidad ser\u00e1 casi cero, cero o menos de cero.<\/li>\n<li>Protege tu econom\u00eda al usar los paneles solares, tu recibo de electricidad se har\u00e1 cero porque tu consumo de energ\u00eda tradicional ser\u00e1 cero, a\u00fan si se incrementan las tarifas de electricidad tradicional.<\/li>\n<\/ul>\n<\/div>[\/vc_column][\/vc_row]<\/p>\n","protected":false},"excerpt":{"rendered":"<p>[vc_row full_width=&#8221;stretch_row_content_no_spaces&#8221; el_disable_mobile=&#8221;1&#8243; css=&#8221;.vc_custom_1663140430070{margin-top: 0px !important;margin-right: 0px !important;margin-bottom: 0px !important;margin-left: 0px !important;border-top-width: 0px !important;border-right-width: 0px !important;border-bottom-width: 0px !important;border-left-width: 0px !important;padding-top:&#8230;<\/p>\n","protected":false},"author":1,"featured_media":0,"parent":0,"menu_order":0,"comment_status":"closed","ping_status":"closed","template":"","meta":{"footnotes":""},"class_list":["post-55","page","type-page","status-publish"],"_links":{"self":[{"href":"https:\/\/rafsolarpower.com\/index.php\/wp-json\/wp\/v2\/pages\/55","targetHints":{"allow":["GET"]}}],"collection":[{"href":"https:\/\/rafsolarpower.com\/index.php\/wp-json\/wp\/v2\/pages"}],"about":[{"href":"https:\/\/rafsolarpower.com\/index.php\/wp-json\/wp\/v2\/types\/page"}],"author":[{"embeddable":true,"href":"https:\/\/rafsolarpower.com\/index.php\/wp-json\/wp\/v2\/users\/1"}],"replies":[{"embeddable":true,"href":"https:\/\/rafsolarpower.com\/index.php\/wp-json\/wp\/v2\/comments?post=55"}],"version-history":[{"count":86,"href":"https:\/\/rafsolarpower.com\/index.php\/wp-json\/wp\/v2\/pages\/55\/revisions"}],"predecessor-version":[{"id":898,"href":"https:\/\/rafsolarpower.com\/index.php\/wp-json\/wp\/v2\/pages\/55\/revisions\/898"}],"wp:attachment":[{"href":"https:\/\/rafsolarpower.com\/index.php\/wp-json\/wp\/v2\/media?parent=55"}],"curies":[{"name":"wp","href":"https:\/\/api.w.org\/{rel}","templated":true}]}}