{"id":53,"date":"2022-09-08T09:19:28","date_gmt":"2022-09-08T09:19:28","guid":{"rendered":"https:\/\/rafsolarpower.magiavirtual.com\/?page_id=53"},"modified":"2025-05-16T07:02:41","modified_gmt":"2025-05-16T07:02:41","slug":"quienes-somos","status":"publish","type":"page","link":"https:\/\/rafsolarpower.com\/index.php\/quienes-somos\/","title":{"rendered":"QUIENES SOMOS"},"content":{"rendered":"<p>[vc_row full_width=&#8221;stretch_row_content_no_spaces&#8221; el_disable_mobile=&#8221;1&#8243; css=&#8221;.vc_custom_1663140430070{margin-top: 0px !important;margin-right: 0px !important;margin-bottom: 0px !important;margin-left: 0px !important;border-top-width: 0px !important;border-right-width: 0px !important;border-bottom-width: 0px !important;border-left-width: 0px !important;padding-top: 0px !important;padding-right: 0px !important;padding-bottom: 0px !important;padding-left: 0px !important;}&#8221; mobile_margin_top=&#8221;0&#8243; mobile_padding_top=&#8221;0&#8243; el_class=&#8221;banner&#8221;][vc_column css_animation=&#8221;zoomInDown&#8221;]<div class=\"avt_masterslider_el \" >\n\t\t<!-- MasterSlider -->\n\t\t<div id=\"P_MS69d26bdcc9130\" class=\"master-slider-parent ms-parent-id-1\" style=\"\" >\n\n\t\t\t\n\t\t\t<!-- MasterSlider Main -->\n\t\t\t<div id=\"MS69d26bdcc9130\" class=\"master-slider ms-skin-default\" >\n\t\t\t\t \t\t\t\t \n\n\t\t\t<div  class=\"ms-slide\" data-delay=\"3\" data-fill-mode=\"fill\"   >\n\t\t\t\t\t<img decoding=\"async\" src=\"https:\/\/rafsolarpower.com\/wp-content\/plugins\/masterslider\/public\/assets\/css\/blank.gif\" alt=\"\" title=\"casabanner\" data-src=\"https:\/\/rafsolarpower.com\/wp-content\/uploads\/2022\/09\/banner1-1.jpg\" \/>\n\n\n\t\t\t\t<\/div>\n\t\t\t<div  class=\"ms-slide\" data-delay=\"3\" data-fill-mode=\"fill\"   >\n\t\t\t\t\t<img decoding=\"async\" src=\"https:\/\/rafsolarpower.com\/wp-content\/plugins\/masterslider\/public\/assets\/css\/blank.gif\" alt=\"\" title=\"casabanner\" data-src=\"https:\/\/rafsolarpower.com\/wp-content\/uploads\/2022\/09\/banner2-1.jpg\" \/>\n\n\n\t\t\t\t<\/div>\n\t\t\t<div  class=\"ms-slide\" data-delay=\"3\" data-fill-mode=\"fill\"   >\n\t\t\t\t\t<img decoding=\"async\" src=\"https:\/\/rafsolarpower.com\/wp-content\/plugins\/masterslider\/public\/assets\/css\/blank.gif\" alt=\"\" title=\"banner3\" data-src=\"https:\/\/rafsolarpower.com\/wp-content\/uploads\/2022\/09\/banner3.jpg\" \/>\n\n\n\t\t\t\t<\/div>\n\n\t\t\t<\/div>\n\t\t\t<!-- END MasterSlider Main -->\n\n\t\t\t \n\t\t<\/div>\n\t\t<!-- END MasterSlider -->\n\n\t\t<script>\n\t\t( window.MSReady = window.MSReady || [] ).push( function( $ ) {\n\n\t\t\t\"use strict\";\n\t\t\tvar masterslider_9130 = new MasterSlider();\n\n\t\t\t\/\/ slider controls\n\t\t\tmasterslider_9130.control('arrows'     ,{ autohide:true, overVideo:true  });\n\t\t\t\/\/ slider setup\n\t\t\tmasterslider_9130.setup(\"MS69d26bdcc9130\", {\n\t\t\t\twidth           : 1920,\n\t\t\t\theight          : 450,\n\t\t\t\tminHeight       : 0,\n\t\t\t\tspace           : 0,\n\t\t\t\tstart           : 1,\n\t\t\t\tgrabCursor      : true,\n\t\t\t\tswipe           : true,\n\t\t\t\tmouse           : true,\n\t\t\t\tkeyboard        : false,\n\t\t\t\tlayout          : \"fillwidth\",\n\t\t\t\twheel           : false,\n\t\t\t\tautoplay        : true,\n                instantStartLayers:false,\n\t\t\t\tmobileBGVideo:false,\n\t\t\t\tloop            : true,\n\t\t\t\tshuffle         : false,\n\t\t\t\tpreload         : 0,\n\t\t\t\theightLimit     : true,\n\t\t\t\tautoHeight      : true,\n\t\t\t\tsmoothHeight    : true,\n\t\t\t\tendPause        : false,\n\t\t\t\toverPause       : true,\n\t\t\t\tfillMode        : \"fill\",\n\t\t\t\tcenterControls  : true,\n\t\t\t\tstartOnAppear   : false,\n\t\t\t\tlayersMode      : \"center\",\n\t\t\t\tautofillTarget  : \"\",\n\t\t\t\thideLayers      : false,\n\t\t\t\tfullscreenMargin: 0,\n\t\t\t\tspeed           : 20,\n\t\t\t\tdir             : \"h\",\n\t\t\t\tresponsive      : true,\n\t\t\t\ttabletWidth     : 768,\n\t\t\t\ttabletHeight    : null,\n\t\t\t\tphoneWidth      : 480,\n\t\t\t\tphoneHeight    : null,\n\t\t\t\tsizingReference : window,\n\t\t\t\tparallaxMode    : 'swipe',\n\t\t\t\tview            : \"basic\"\n\t\t\t});\n\n\t\t\t\n\t\t\twindow.masterslider_instances = window.masterslider_instances || [];\n\t\t\twindow.masterslider_instances.push( masterslider_9130 );\n\t\t});\n\t\t<\/script>\n\n<\/div>[\/vc_column][\/vc_row][vc_row full_width=&#8221;stretch_row_content_no_spaces&#8221; el_disable_desktop=&#8221;1&#8243; css=&#8221;.vc_custom_1663140435261{margin-top: 0px !important;margin-right: 0px !important;margin-bottom: 0px !important;margin-left: 0px !important;border-top-width: 0px !important;border-right-width: 0px !important;border-bottom-width: 0px !important;border-left-width: 0px !important;padding-top: 0px !important;padding-right: 0px !important;padding-bottom: 0px !important;padding-left: 0px !important;}&#8221; mobile_margin_top=&#8221;0&#8243; mobile_padding_top=&#8221;0&#8243; el_class=&#8221;banner&#8221;][vc_column css_animation=&#8221;zoomInDown&#8221;]<div class=\"avt_masterslider_el \" >\n\t\t<!-- MasterSlider -->\n\t\t<div id=\"P_MS69d26bdcc98f7\" class=\"master-slider-parent ms-parent-id-2\" style=\"\" >\n\n\t\t\t\n\t\t\t<!-- MasterSlider Main -->\n\t\t\t<div id=\"MS69d26bdcc98f7\" class=\"master-slider ms-skin-default\" >\n\t\t\t\t \t\t\t\t \n\n\t\t\t<div  class=\"ms-slide\" data-delay=\"3\" data-fill-mode=\"fill\"   >\n\t\t\t\t\t<img decoding=\"async\" src=\"https:\/\/rafsolarpower.com\/wp-content\/plugins\/masterslider\/public\/assets\/css\/blank.gif\" alt=\"\" title=\"bannercel1\" data-src=\"https:\/\/rafsolarpower.com\/wp-content\/uploads\/2022\/09\/bannercel1-1.jpg\" \/>\n\n\n\t\t\t\t<\/div>\n\t\t\t<div  class=\"ms-slide\" data-delay=\"3\" data-fill-mode=\"fill\"   >\n\t\t\t\t\t<img decoding=\"async\" src=\"https:\/\/rafsolarpower.com\/wp-content\/plugins\/masterslider\/public\/assets\/css\/blank.gif\" alt=\"\" title=\"bannercel2\" data-src=\"https:\/\/rafsolarpower.com\/wp-content\/uploads\/2022\/09\/bannercel2-1.jpg\" \/>\n\n\n\t\t\t\t<\/div>\n\t\t\t<div  class=\"ms-slide\" data-delay=\"3\" data-fill-mode=\"fill\"   >\n\t\t\t\t\t<img decoding=\"async\" src=\"https:\/\/rafsolarpower.com\/wp-content\/plugins\/masterslider\/public\/assets\/css\/blank.gif\" alt=\"\" title=\"bannercel3\" data-src=\"https:\/\/rafsolarpower.com\/wp-content\/uploads\/2022\/09\/bannercel3.jpg\" \/>\n\n\n\t\t\t\t<\/div>\n\n\t\t\t<\/div>\n\t\t\t<!-- END MasterSlider Main -->\n\n\t\t\t \n\t\t<\/div>\n\t\t<!-- END MasterSlider -->\n\n\t\t<script>\n\t\t( window.MSReady = window.MSReady || [] ).push( function( $ ) {\n\n\t\t\t\"use strict\";\n\t\t\tvar masterslider_98f7 = new MasterSlider();\n\n\t\t\t\/\/ slider controls\n\t\t\tmasterslider_98f7.control('arrows'     ,{ autohide:true, overVideo:true  });\n\t\t\t\/\/ slider setup\n\t\t\tmasterslider_98f7.setup(\"MS69d26bdcc98f7\", {\n\t\t\t\twidth           : 800,\n\t\t\t\theight          : 930,\n\t\t\t\tminHeight       : 0,\n\t\t\t\tspace           : 0,\n\t\t\t\tstart           : 1,\n\t\t\t\tgrabCursor      : true,\n\t\t\t\tswipe           : true,\n\t\t\t\tmouse           : true,\n\t\t\t\tkeyboard        : false,\n\t\t\t\tlayout          : \"fillwidth\",\n\t\t\t\twheel           : false,\n\t\t\t\tautoplay        : true,\n                instantStartLayers:false,\n\t\t\t\tmobileBGVideo:false,\n\t\t\t\tloop            : true,\n\t\t\t\tshuffle         : false,\n\t\t\t\tpreload         : 0,\n\t\t\t\theightLimit     : true,\n\t\t\t\tautoHeight      : false,\n\t\t\t\tsmoothHeight    : true,\n\t\t\t\tendPause        : false,\n\t\t\t\toverPause       : true,\n\t\t\t\tfillMode        : \"fill\",\n\t\t\t\tcenterControls  : true,\n\t\t\t\tstartOnAppear   : false,\n\t\t\t\tlayersMode      : \"center\",\n\t\t\t\tautofillTarget  : \"\",\n\t\t\t\thideLayers      : false,\n\t\t\t\tfullscreenMargin: 0,\n\t\t\t\tspeed           : 20,\n\t\t\t\tdir             : \"h\",\n\t\t\t\tresponsive      : true,\n\t\t\t\ttabletWidth     : 768,\n\t\t\t\ttabletHeight    : null,\n\t\t\t\tphoneWidth      : 480,\n\t\t\t\tphoneHeight    : null,\n\t\t\t\tsizingReference : window,\n\t\t\t\tparallaxMode    : 'swipe',\n\t\t\t\tview            : \"basic\"\n\t\t\t});\n\n\t\t\t\n\t\t\twindow.masterslider_instances = window.masterslider_instances || [];\n\t\t\twindow.masterslider_instances.push( masterslider_98f7 );\n\t\t});\n\t\t<\/script>\n\n<\/div>[\/vc_column][\/vc_row][vc_row][vc_column][vc_column_text el_class=&#8221;titulosgrandes&#8221;]<\/p>\n<p style=\"text-align: center;\"><span style=\"color: #008000;\"><strong>Qui\u00e9nes somos<\/strong><\/span><\/p>\n<p>[\/vc_column_text][\/vc_column][\/vc_row][vc_row equal_height=&#8221;yes&#8221; content_placement=&#8221;middle&#8221; css=&#8221;.vc_custom_1663315542950{padding-top: 20px !important;padding-right: 20px !important;padding-bottom: 10px !important;padding-left: 20px !important;background-color: #eff7ff !important;}&#8221;][vc_column width=&#8221;2\/3&#8243; css=&#8221;.vc_custom_1663314096901{padding-top: 0px !important;padding-right: 20px !important;padding-bottom: 0px !important;padding-left: 20px !important;}&#8221; el_class=&#8221;parrafosubtitulos&#8221;][vc_column_text]<\/p>\n<h3><strong><span style=\"color: #339966;\">Visi\u00f3n<\/span><\/strong><\/h3>\n<p>Proveer de informaci\u00f3n valiosa acerca de la energ\u00eda renovable a las familias hispanas que desean saber acerca de los beneficios de la energ\u00eda solar y c\u00f3mo pueden sustituir la energ\u00eda tradicional que contamina el ambiente, por una energ\u00eda limpia que le ahorre dinero a su econom\u00eda aprovechando los incentivos del gobierno Federal, Estatal y del Condado. Y convertirse en una de las mejores compa\u00f1\u00edas Hispanas en los Estados Unidos de la industria solar.<\/p>\n<h3><strong><span style=\"color: #339966;\">Misi\u00f3n<\/span><\/strong><\/h3>\n<p>Hacer m\u00e1s\u00a0 accesible la energ\u00eda renovable a m\u00e1s familias hispanas , facilitando a los propietarios de casas el uso de paneles solares a trav\u00e9s de la ense\u00f1anza de sus ventajas, caracter\u00edsticas y beneficios del uso de la energ\u00eda solar en reemplazo de la energ\u00eda tradicional ayudando su econom\u00eda, su comunidad, el medio ambiente local y del planeta Tierra.[\/vc_column_text][\/vc_column][vc_column width=&#8221;1\/3&#8243; css=&#8221;.vc_custom_1663313866693{padding-top: 0px !important;padding-right: 0px !important;padding-bottom: 0px !important;padding-left: 0px !important;}&#8221;][vc_single_image image=&#8221;328&#8243; img_size=&#8221;full&#8221; css=&#8221;.vc_custom_1663314059928{border-bottom-width: 0px !important;padding-top: 0px !important;padding-right: 0px !important;padding-bottom: 0px !important;padding-left: 0px !important;}&#8221;][\/vc_column][\/vc_row][vc_row css=&#8221;.vc_custom_1663315160416{background-color: #ffffff !important;}&#8221;][vc_column width=&#8221;2\/6&#8243;][vc_single_image image=&#8221;326&#8243; img_size=&#8221;full&#8221;][\/vc_column][vc_column width=&#8221;4\/6&#8243;][vc_column_text css_animation=&#8221;bounceInRight&#8221;]<\/p>\n<h3><span style=\"color: #339966;\"><strong>\u00bfQui\u00e9nes somos?<\/strong><\/span><\/h3>\n<p>Su CEO y propietario Lic. Rafael Cabello fue graduado en la Universidad de Lima en\u00a0 Lima-Per\u00fa y obtuvo el T\u00edtulo de Licenciado en Ciencias Administrativas en el a\u00f1o 2002,\u00a0 viaj\u00f3 a los Estados Unidos en el 2003 y fue contratado como Manager de ventas de Interlingual of America Inc en las Oficinas de Houston, Texas y posteriormente fue trasladado a Falls Church, Virginia manejando grupos de ventas logrando r\u00e9cords de ventas en ambas oficinas.<\/p>\n<p>En el a\u00f1o 2006 fue contratado como Manager Regional de Puretech Water System Inc con sede en Anaheim, California para la venta de Sistemas de Purificaci\u00f3n de Agua para las familias hispanas, encargado de reclutar, entrenar, capacitar a equipos de ventas en el \u00c1rea Metropolitana del DMV, Maryland, Virginia y Washington DC.<\/p>\n<p>[\/vc_column_text][\/vc_column][\/vc_row][vc_row equal_height=&#8221;yes&#8221; content_placement=&#8221;middle&#8221; css=&#8221;.vc_custom_1663315270197{background-color: #ffffff !important;}&#8221;][vc_column width=&#8221;2\/3&#8243; css=&#8221;.vc_custom_1663314096901{padding-top: 0px !important;padding-right: 20px !important;padding-bottom: 0px !important;padding-left: 20px !important;}&#8221; el_class=&#8221;parrafosubtitulos&#8221;][vc_column_text]A finales de 2014 fue contratado como Consultor Solar por Solar City Inc empresa lider en la instalaci\u00f3n de paneles solares residenciales en los Estados Unidos de Am\u00e9rica, logrando estar entre los 10 mejores vendedores de toda la Costa Este de los Estados Unidos y\u00a0 ser considerado una \u201cLeyenda\u201d en Solarcity que ya se cotizaba en la bolsa de valores de Nueva York; posteriormente Solar City Inc. fue comprada por Tesla Energy en el a\u00f1o 2017 y se traslad\u00f3 a Legacy Power una subsidiaria de Sunrun Inc., la segunda empresa m\u00e1s importante en venta de energ\u00eda solar residencial en los Estados Unidos obteniendo logros importantes en su trayectoria como Consultor Solar.[\/vc_column_text][\/vc_column][vc_column width=&#8221;1\/3&#8243; css=&#8221;.vc_custom_1663313866693{padding-top: 0px !important;padding-right: 0px !important;padding-bottom: 0px !important;padding-left: 0px !important;}&#8221;][vc_single_image image=&#8221;329&#8243; img_size=&#8221;full&#8221;][\/vc_column][\/vc_row][vc_row equal_height=&#8221;yes&#8221; content_placement=&#8221;middle&#8221; css=&#8221;.vc_custom_1663315304261{background-color: #ffffff !important;}&#8221;][vc_column width=&#8221;1\/4&#8243;][vc_single_image image=&#8221;325&#8243; img_size=&#8221;full&#8221;][\/vc_column][vc_column width=&#8221;3\/4&#8243;][vc_column_text]En el a\u00f1o 2018 inicia su participaci\u00f3n con Soleil Energy Inc como Manager Regional de ventas, vendiendo e Instalando m\u00e1s de 1 megawatt en Instalaciones de Sistemas de Energ\u00eda Solar en toda el \u00e1rea del DMV, y ser considerado entre los mejores vendedores de la empresa.<\/p>\n<p>RAF solar power LLC nace en el 2020 de la necesidad de entrenar personas de habla hispana para acercarnos a m\u00e1s familias hispanas que buscan entender el uso de nuevas tecnolog\u00edas de energ\u00eda renovable como los paneles solares en sus hogares en su lenguaje natal, que inicialmente estaban a disposici\u00f3n de grupos o familias anglo-americanos de habla inglesa.<\/p>\n<p>Es nuestra meta alcanzar al mayor n\u00famero de familias de habla hispana en el uso de energ\u00eda solar a trav\u00e9s de nuestra red de representantes a nivel Nacional con alta capacitaci\u00f3n, honestidad y \u00e9tica para lograr la satisfacci\u00f3n total del Cliente.[\/vc_column_text][\/vc_column][\/vc_row][vc_row equal_height=&#8221;yes&#8221; content_placement=&#8221;middle&#8221; css=&#8221;.vc_custom_1663315332749{background-color: #ffffff !important;}&#8221;][vc_column width=&#8221;2\/3&#8243; css=&#8221;.vc_custom_1663314096901{padding-top: 0px !important;padding-right: 20px !important;padding-bottom: 0px !important;padding-left: 20px !important;}&#8221; el_class=&#8221;parrafosubtitulos&#8221;][vc_column_text]La gran experiencia acumulada por nuestro propietario Rafael Cabello en el manejo de las ventas personales y su alto entrenamiento en grandes compa\u00f1\u00edas de energ\u00eda solar de esta industria hacen de RAF Solar Power LLC una gran compa\u00f1\u00eda para satisfacer las necesidad de informaci\u00f3n sobre la energ\u00eda solar a nivel nacional para reducir los costos de energ\u00eda a las familias hispanas y convertirse en su instalador de confianza de energ\u00eda solar.[\/vc_column_text][\/vc_column][vc_column width=&#8221;1\/3&#8243; css=&#8221;.vc_custom_1663313866693{padding-top: 0px !important;padding-right: 0px !important;padding-bottom: 0px !important;padding-left: 0px !important;}&#8221;][vc_single_image image=&#8221;323&#8243; img_size=&#8221;full&#8221;][\/vc_column][\/vc_row][vc_row css=&#8221;.vc_custom_1663346391098{padding-top: 0px !important;padding-right: 0px !important;padding-bottom: 0px !important;padding-left: 0px !important;}&#8221;][vc_column][vc_column_text]<\/p>\n<h2 style=\"text-align: center;\"><span style=\"color: #008000;\"><strong>Entrevista<\/strong><\/span><\/h2>\n<p>[\/vc_column_text][\/vc_column][\/vc_row][vc_row css=&#8221;.vc_custom_1663315722767{padding-top: 0px !important;padding-right: 0px !important;padding-bottom: 0px !important;padding-left: 0px !important;background-color: #ffffff !important;}&#8221;][vc_column width=&#8221;1\/2&#8243;]<div class=\"gem-youtube gem-wrapbox gem-wrapbox-style-no-style rounded-corners gem-wrapbox-position-below\" style=\"width: 100%;\"><div class=\"gem-wrapbox-inner gem-ratio-style\" style=\"padding-top: 56.25%\"><iframe class=\"gem-wrapbox-element img-responsive\" width=\"100%\" height=\"300\" allowfullscreen=\"allowfullscreen\" frameborder=\"0\" scrolling=\"no\" marginheight=\"0\" marginwidth=\"0\" src=\"\/\/www.youtube.com\/embed\/kaVkRGeIgno?rel=0&amp;wmode=opaque\"><\/iframe><\/div><\/div>[\/vc_column][vc_column width=&#8221;1\/2&#8243;]<div class=\"gem-youtube gem-wrapbox gem-wrapbox-style-no-style rounded-corners gem-wrapbox-position-below\" style=\"width: 100%;\"><div class=\"gem-wrapbox-inner gem-ratio-style\" style=\"padding-top: 56.25%\"><iframe class=\"gem-wrapbox-element img-responsive\" width=\"100%\" height=\"300\" allowfullscreen=\"allowfullscreen\" frameborder=\"0\" scrolling=\"no\" marginheight=\"0\" marginwidth=\"0\" src=\"\/\/www.youtube.com\/embed\/MNjJmYe2GCE?rel=0&amp;wmode=opaque\"><\/iframe><\/div><\/div>[\/vc_column][\/vc_row][vc_row css=&#8221;.vc_custom_1663315551902{background-color: #eff7ff !important;}&#8221;][vc_column][vc_column_text el_class=&#8221;listabeneficios&#8221;]<\/p>\n<h3><strong><span style=\"color: #008000;\">Programa de Referencias<\/span><\/strong><\/h3>\n<p>[\/vc_column_text][vc_row_inner content_placement=&#8221;top&#8221;][vc_column_inner width=&#8221;1\/3&#8243;][vc_column_text]Refiere a un amigo o familiar y recibe\u00a0 $500 dolares despu\u00e9s de la instalaci\u00f3n de su Sistema solar.[\/vc_column_text][\/vc_column_inner][vc_column_inner width=&#8221;1\/3&#8243;][vc_single_image image=&#8221;355&#8243; img_size=&#8221;full&#8221; css_animation=&#8221;fadeInRight&#8221;][\/vc_column_inner][vc_column_inner width=&#8221;1\/3&#8243;][vc_single_image image=&#8221;354&#8243; img_size=&#8221;full&#8221;][\/vc_column_inner][\/vc_row_inner][\/vc_column][\/vc_row][vc_row][vc_column][vc_column_text el_class=&#8221;listabeneficios&#8221;]<\/p>\n<h3><span style=\"color: #008000;\"><strong>Mercados que atendemos<\/strong><\/span><\/h3>\n<p>[\/vc_column_text][vc_column_text css=&#8221;.vc_custom_1747378832499{padding-bottom: 40px !important;}&#8221;]RAF Solar Power opera en Maryland, Virginia, Washington DC. En otros estados como Pennsylvania, Texas, Colorado, Illinois, Florida y California operamos con nuestros socios locales.[\/vc_column_text][\/vc_column][\/vc_row]<\/p>\n","protected":false},"excerpt":{"rendered":"<p>[vc_row full_width=&#8221;stretch_row_content_no_spaces&#8221; el_disable_mobile=&#8221;1&#8243; css=&#8221;.vc_custom_1663140430070{margin-top: 0px !important;margin-right: 0px !important;margin-bottom: 0px !important;margin-left: 0px !important;border-top-width: 0px !important;border-right-width: 0px !important;border-bottom-width: 0px !important;border-left-width: 0px !important;padding-top:&#8230;<\/p>\n","protected":false},"author":1,"featured_media":0,"parent":0,"menu_order":0,"comment_status":"closed","ping_status":"closed","template":"","meta":{"footnotes":""},"class_list":["post-53","page","type-page","status-publish"],"_links":{"self":[{"href":"https:\/\/rafsolarpower.com\/index.php\/wp-json\/wp\/v2\/pages\/53","targetHints":{"allow":["GET"]}}],"collection":[{"href":"https:\/\/rafsolarpower.com\/index.php\/wp-json\/wp\/v2\/pages"}],"about":[{"href":"https:\/\/rafsolarpower.com\/index.php\/wp-json\/wp\/v2\/types\/page"}],"author":[{"embeddable":true,"href":"https:\/\/rafsolarpower.com\/index.php\/wp-json\/wp\/v2\/users\/1"}],"replies":[{"embeddable":true,"href":"https:\/\/rafsolarpower.com\/index.php\/wp-json\/wp\/v2\/comments?post=53"}],"version-history":[{"count":132,"href":"https:\/\/rafsolarpower.com\/index.php\/wp-json\/wp\/v2\/pages\/53\/revisions"}],"predecessor-version":[{"id":934,"href":"https:\/\/rafsolarpower.com\/index.php\/wp-json\/wp\/v2\/pages\/53\/revisions\/934"}],"wp:attachment":[{"href":"https:\/\/rafsolarpower.com\/index.php\/wp-json\/wp\/v2\/media?parent=53"}],"curies":[{"name":"wp","href":"https:\/\/api.w.org\/{rel}","templated":true}]}}