{"id":331,"date":"2022-09-15T04:30:26","date_gmt":"2022-09-15T04:30:26","guid":{"rendered":"https:\/\/rafsolarpower.magiavirtual.com\/?page_id=331"},"modified":"2025-05-16T07:02:13","modified_gmt":"2025-05-16T07:02:13","slug":"incentivos","status":"publish","type":"page","link":"https:\/\/rafsolarpower.com\/index.php\/incentivos\/","title":{"rendered":"LOS INCENTIVOS"},"content":{"rendered":"<p>[vc_row full_width=&#8221;stretch_row_content_no_spaces&#8221; el_disable_mobile=&#8221;1&#8243; css=&#8221;.vc_custom_1663140430070{margin-top: 0px !important;margin-right: 0px !important;margin-bottom: 0px !important;margin-left: 0px !important;border-top-width: 0px !important;border-right-width: 0px !important;border-bottom-width: 0px !important;border-left-width: 0px !important;padding-top: 0px !important;padding-right: 0px !important;padding-bottom: 0px !important;padding-left: 0px !important;}&#8221; mobile_margin_top=&#8221;0&#8243; mobile_padding_top=&#8221;0&#8243; el_class=&#8221;banner&#8221;][vc_column css_animation=&#8221;zoomInDown&#8221;]<div class=\"avt_masterslider_el \" >\n\t\t<!-- MasterSlider -->\n\t\t<div id=\"P_MS69d268db75b4f\" class=\"master-slider-parent ms-parent-id-1\" style=\"\" >\n\n\t\t\t\n\t\t\t<!-- MasterSlider Main -->\n\t\t\t<div id=\"MS69d268db75b4f\" class=\"master-slider ms-skin-default\" >\n\t\t\t\t \t\t\t\t \n\n\t\t\t<div  class=\"ms-slide\" data-delay=\"3\" data-fill-mode=\"fill\"   >\n\t\t\t\t\t<img decoding=\"async\" src=\"https:\/\/rafsolarpower.com\/wp-content\/plugins\/masterslider\/public\/assets\/css\/blank.gif\" alt=\"\" title=\"casabanner\" data-src=\"https:\/\/rafsolarpower.com\/wp-content\/uploads\/2022\/09\/banner1-1.jpg\" \/>\n\n\n\t\t\t\t<\/div>\n\t\t\t<div  class=\"ms-slide\" data-delay=\"3\" data-fill-mode=\"fill\"   >\n\t\t\t\t\t<img decoding=\"async\" src=\"https:\/\/rafsolarpower.com\/wp-content\/plugins\/masterslider\/public\/assets\/css\/blank.gif\" alt=\"\" title=\"casabanner\" data-src=\"https:\/\/rafsolarpower.com\/wp-content\/uploads\/2022\/09\/banner2-1.jpg\" \/>\n\n\n\t\t\t\t<\/div>\n\t\t\t<div  class=\"ms-slide\" data-delay=\"3\" data-fill-mode=\"fill\"   >\n\t\t\t\t\t<img decoding=\"async\" src=\"https:\/\/rafsolarpower.com\/wp-content\/plugins\/masterslider\/public\/assets\/css\/blank.gif\" alt=\"\" title=\"banner3\" data-src=\"https:\/\/rafsolarpower.com\/wp-content\/uploads\/2022\/09\/banner3.jpg\" \/>\n\n\n\t\t\t\t<\/div>\n\n\t\t\t<\/div>\n\t\t\t<!-- END MasterSlider Main -->\n\n\t\t\t \n\t\t<\/div>\n\t\t<!-- END MasterSlider -->\n\n\t\t<script>\n\t\t( window.MSReady = window.MSReady || [] ).push( function( $ ) {\n\n\t\t\t\"use strict\";\n\t\t\tvar masterslider_5b4f = new MasterSlider();\n\n\t\t\t\/\/ slider controls\n\t\t\tmasterslider_5b4f.control('arrows'     ,{ autohide:true, overVideo:true  });\n\t\t\t\/\/ slider setup\n\t\t\tmasterslider_5b4f.setup(\"MS69d268db75b4f\", {\n\t\t\t\twidth           : 1920,\n\t\t\t\theight          : 450,\n\t\t\t\tminHeight       : 0,\n\t\t\t\tspace           : 0,\n\t\t\t\tstart           : 1,\n\t\t\t\tgrabCursor      : true,\n\t\t\t\tswipe           : true,\n\t\t\t\tmouse           : true,\n\t\t\t\tkeyboard        : false,\n\t\t\t\tlayout          : \"fillwidth\",\n\t\t\t\twheel           : false,\n\t\t\t\tautoplay        : true,\n                instantStartLayers:false,\n\t\t\t\tmobileBGVideo:false,\n\t\t\t\tloop            : true,\n\t\t\t\tshuffle         : false,\n\t\t\t\tpreload         : 0,\n\t\t\t\theightLimit     : true,\n\t\t\t\tautoHeight      : true,\n\t\t\t\tsmoothHeight    : true,\n\t\t\t\tendPause        : false,\n\t\t\t\toverPause       : true,\n\t\t\t\tfillMode        : \"fill\",\n\t\t\t\tcenterControls  : true,\n\t\t\t\tstartOnAppear   : false,\n\t\t\t\tlayersMode      : \"center\",\n\t\t\t\tautofillTarget  : \"\",\n\t\t\t\thideLayers      : false,\n\t\t\t\tfullscreenMargin: 0,\n\t\t\t\tspeed           : 20,\n\t\t\t\tdir             : \"h\",\n\t\t\t\tresponsive      : true,\n\t\t\t\ttabletWidth     : 768,\n\t\t\t\ttabletHeight    : null,\n\t\t\t\tphoneWidth      : 480,\n\t\t\t\tphoneHeight    : null,\n\t\t\t\tsizingReference : window,\n\t\t\t\tparallaxMode    : 'swipe',\n\t\t\t\tview            : \"basic\"\n\t\t\t});\n\n\t\t\t\n\t\t\twindow.masterslider_instances = window.masterslider_instances || [];\n\t\t\twindow.masterslider_instances.push( masterslider_5b4f );\n\t\t});\n\t\t<\/script>\n\n<\/div>[\/vc_column][\/vc_row][vc_row full_width=&#8221;stretch_row_content_no_spaces&#8221; el_disable_desktop=&#8221;1&#8243; css=&#8221;.vc_custom_1663140435261{margin-top: 0px !important;margin-right: 0px !important;margin-bottom: 0px !important;margin-left: 0px !important;border-top-width: 0px !important;border-right-width: 0px !important;border-bottom-width: 0px !important;border-left-width: 0px !important;padding-top: 0px !important;padding-right: 0px !important;padding-bottom: 0px !important;padding-left: 0px !important;}&#8221; mobile_margin_top=&#8221;0&#8243; mobile_padding_top=&#8221;0&#8243; el_class=&#8221;banner&#8221;][vc_column css_animation=&#8221;zoomInDown&#8221;]<div class=\"avt_masterslider_el \" >\n\t\t<!-- MasterSlider -->\n\t\t<div id=\"P_MS69d268db764b0\" class=\"master-slider-parent ms-parent-id-2\" style=\"\" >\n\n\t\t\t\n\t\t\t<!-- MasterSlider Main -->\n\t\t\t<div id=\"MS69d268db764b0\" class=\"master-slider ms-skin-default\" >\n\t\t\t\t \t\t\t\t \n\n\t\t\t<div  class=\"ms-slide\" data-delay=\"3\" data-fill-mode=\"fill\"   >\n\t\t\t\t\t<img decoding=\"async\" src=\"https:\/\/rafsolarpower.com\/wp-content\/plugins\/masterslider\/public\/assets\/css\/blank.gif\" alt=\"\" title=\"bannercel1\" data-src=\"https:\/\/rafsolarpower.com\/wp-content\/uploads\/2022\/09\/bannercel1-1.jpg\" \/>\n\n\n\t\t\t\t<\/div>\n\t\t\t<div  class=\"ms-slide\" data-delay=\"3\" data-fill-mode=\"fill\"   >\n\t\t\t\t\t<img decoding=\"async\" src=\"https:\/\/rafsolarpower.com\/wp-content\/plugins\/masterslider\/public\/assets\/css\/blank.gif\" alt=\"\" title=\"bannercel2\" data-src=\"https:\/\/rafsolarpower.com\/wp-content\/uploads\/2022\/09\/bannercel2-1.jpg\" \/>\n\n\n\t\t\t\t<\/div>\n\t\t\t<div  class=\"ms-slide\" data-delay=\"3\" data-fill-mode=\"fill\"   >\n\t\t\t\t\t<img decoding=\"async\" src=\"https:\/\/rafsolarpower.com\/wp-content\/plugins\/masterslider\/public\/assets\/css\/blank.gif\" alt=\"\" title=\"bannercel3\" data-src=\"https:\/\/rafsolarpower.com\/wp-content\/uploads\/2022\/09\/bannercel3.jpg\" \/>\n\n\n\t\t\t\t<\/div>\n\n\t\t\t<\/div>\n\t\t\t<!-- END MasterSlider Main -->\n\n\t\t\t \n\t\t<\/div>\n\t\t<!-- END MasterSlider -->\n\n\t\t<script>\n\t\t( window.MSReady = window.MSReady || [] ).push( function( $ ) {\n\n\t\t\t\"use strict\";\n\t\t\tvar masterslider_64b0 = new MasterSlider();\n\n\t\t\t\/\/ slider controls\n\t\t\tmasterslider_64b0.control('arrows'     ,{ autohide:true, overVideo:true  });\n\t\t\t\/\/ slider setup\n\t\t\tmasterslider_64b0.setup(\"MS69d268db764b0\", {\n\t\t\t\twidth           : 800,\n\t\t\t\theight          : 930,\n\t\t\t\tminHeight       : 0,\n\t\t\t\tspace           : 0,\n\t\t\t\tstart           : 1,\n\t\t\t\tgrabCursor      : true,\n\t\t\t\tswipe           : true,\n\t\t\t\tmouse           : true,\n\t\t\t\tkeyboard        : false,\n\t\t\t\tlayout          : \"fillwidth\",\n\t\t\t\twheel           : false,\n\t\t\t\tautoplay        : true,\n                instantStartLayers:false,\n\t\t\t\tmobileBGVideo:false,\n\t\t\t\tloop            : true,\n\t\t\t\tshuffle         : false,\n\t\t\t\tpreload         : 0,\n\t\t\t\theightLimit     : true,\n\t\t\t\tautoHeight      : false,\n\t\t\t\tsmoothHeight    : true,\n\t\t\t\tendPause        : false,\n\t\t\t\toverPause       : true,\n\t\t\t\tfillMode        : \"fill\",\n\t\t\t\tcenterControls  : true,\n\t\t\t\tstartOnAppear   : false,\n\t\t\t\tlayersMode      : \"center\",\n\t\t\t\tautofillTarget  : \"\",\n\t\t\t\thideLayers      : false,\n\t\t\t\tfullscreenMargin: 0,\n\t\t\t\tspeed           : 20,\n\t\t\t\tdir             : \"h\",\n\t\t\t\tresponsive      : true,\n\t\t\t\ttabletWidth     : 768,\n\t\t\t\ttabletHeight    : null,\n\t\t\t\tphoneWidth      : 480,\n\t\t\t\tphoneHeight    : null,\n\t\t\t\tsizingReference : window,\n\t\t\t\tparallaxMode    : 'swipe',\n\t\t\t\tview            : \"basic\"\n\t\t\t});\n\n\t\t\t\n\t\t\twindow.masterslider_instances = window.masterslider_instances || [];\n\t\t\twindow.masterslider_instances.push( masterslider_64b0 );\n\t\t});\n\t\t<\/script>\n\n<\/div>[\/vc_column][\/vc_row][vc_row][vc_column][vc_column_text el_class=&#8221;titulosgrandes&#8221;]<\/p>\n<p style=\"text-align: center;\"><span style=\"color: #008000;\"><strong>Los Incentivos<\/strong><\/span><\/p>\n<p>[\/vc_column_text][\/vc_column][\/vc_row][vc_row full_width=&#8221;stretch_row&#8221; gap=&#8221;20&#8243; equal_height=&#8221;yes&#8221; css=&#8221;.vc_custom_1663289372985{margin-bottom: 0px !important;padding-top: 60px !important;padding-bottom: 10px !important;background-color: #f9fdff !important;}&#8221; el_class=&#8221;listabeneficios&#8221;][vc_column width=&#8221;1\/2&#8243; el_class=&#8221;beneficiosfoto&#8221;][vc_column_text]<img decoding=\"async\" class=\"aligncenter wp-image-764 size-full\" src=\"https:\/\/rafsolarpower.com\/wp-content\/uploads\/2024\/02\/Imagen-de-WhatsApp-2024-02-22-a-las-20.26.06_8e499e5c.jpg\" alt=\"\" width=\"1400\" height=\"844\" srcset=\"https:\/\/rafsolarpower.com\/wp-content\/uploads\/2024\/02\/Imagen-de-WhatsApp-2024-02-22-a-las-20.26.06_8e499e5c.jpg 1400w, https:\/\/rafsolarpower.com\/wp-content\/uploads\/2024\/02\/Imagen-de-WhatsApp-2024-02-22-a-las-20.26.06_8e499e5c-300x181.jpg 300w, https:\/\/rafsolarpower.com\/wp-content\/uploads\/2024\/02\/Imagen-de-WhatsApp-2024-02-22-a-las-20.26.06_8e499e5c-1024x617.jpg 1024w, https:\/\/rafsolarpower.com\/wp-content\/uploads\/2024\/02\/Imagen-de-WhatsApp-2024-02-22-a-las-20.26.06_8e499e5c-768x463.jpg 768w\" sizes=\"(max-width: 1400px) 100vw, 1400px\" \/>[\/vc_column_text][vc_column_text]<img decoding=\"async\" class=\"aligncenter wp-image-768 size-full\" src=\"https:\/\/rafsolarpower.com\/wp-content\/uploads\/2024\/02\/tax-credit.png\" alt=\"\" width=\"768\" height=\"426\" srcset=\"https:\/\/rafsolarpower.com\/wp-content\/uploads\/2024\/02\/tax-credit.png 768w, https:\/\/rafsolarpower.com\/wp-content\/uploads\/2024\/02\/tax-credit-300x166.png 300w, https:\/\/rafsolarpower.com\/wp-content\/uploads\/2024\/02\/tax-credit-672x372.png 672w, https:\/\/rafsolarpower.com\/wp-content\/uploads\/2024\/02\/tax-credit-766x426.png 766w\" sizes=\"(max-width: 768px) 100vw, 768px\" \/>[\/vc_column_text][\/vc_column][vc_column width=&#8221;1\/2&#8243;]<div class=\"gem-list gem-list-type-checkbox gem-list-color-4\" ><ul>\n<li>Hasta el 16 de Agosto del 2022 estaba vigente el incentivo Solar Investment Tax Credit (ITC), en el cual al final de este a\u00f1o el 31 de Diciembre se terminaba el 26% de incentivo y disminu\u00eda al 22% para el a\u00f1o 2023 y para el a\u00f1o 2024 ser\u00eda cero el incentivo para los nuevos compradores de paneles solares.<\/li>\n<li>El dia 16 de Agosto del 2022 se extendi\u00f3 por el plan de reducci\u00f3n de la inflaci\u00f3n del presente gobierno, los incentivos federales para energ\u00eda solar del 26% al 30% por los pr\u00f3ximos 10 a\u00f1os: del 2022 al 2032.<\/li>\n<li>Reclama los incentivos federales en los impuestos del siguiente a\u00f1o a la instalaci\u00f3n del sistema solar. El IRS te acreditar\u00e1 parte o el total del el 30% del valor del equipo como un cr\u00e9dito no reembolsable en los pr\u00f3ximos 10 a\u00f1os, con lo cual te ayudar\u00e1 a reducir el costo total del sistema solar y el pago de tus impuestos.<\/li>\n<li>Para calificar al incentivo es necesario que tu &#8220;Tax Liability&#8221; sea igual o mayor al incentivo del 30% del Investment Tax Credit (ITC).<\/li>\n<\/ul>\n<\/div>[\/vc_column][\/vc_row][vc_row full_width=&#8221;stretch_row&#8221; gap=&#8221;20&#8243; equal_height=&#8221;yes&#8221; css=&#8221;.vc_custom_1663235766127{margin-bottom: 0px !important;padding-top: 20px !important;padding-bottom: 30px !important;background-color: #f9fdff !important;}&#8221; el_class=&#8221;listabeneficios&#8221;][vc_column width=&#8221;1\/2&#8243;]<div class=\"gem-youtube gem-wrapbox gem-wrapbox-style-no-style rounded-corners gem-wrapbox-position-below\" style=\"width: 100%;\"><div class=\"gem-wrapbox-inner gem-ratio-style\" style=\"padding-top: 56.25%\"><iframe class=\"gem-wrapbox-element img-responsive\" width=\"100%\" height=\"300\" allowfullscreen=\"allowfullscreen\" frameborder=\"0\" scrolling=\"no\" marginheight=\"0\" marginwidth=\"0\" src=\"\/\/www.youtube.com\/embed\/9_ZUxqUXogU?rel=0&amp;wmode=opaque\"><\/iframe><\/div><\/div><div class=\"gem-list gem-list-type-checkbox gem-list-color-4\" ><ul>\n<li>Recibe los Certificados de Energ\u00eda Renovables (SREC). Por cada 1000kwh\/a\u00f1o de producci\u00f3n de energ\u00eda solar en el Estado de Maryland y Washington DC entre otros estados, recibe un Certificado valorado seg\u00fan la oferta y demanda en cada mercado.<\/li>\n<li>Ejemplo: si tu sistema solar de 10kw produce 12,000 kwh\/a\u00f1o recibir\u00e1s 12 certificados por a\u00f1o multiplicados por el precio actual en Maryland de $59 por certificado, haciendo un total de $708 anuales por los pr\u00f3ximos 10 a\u00f1os aproximadamente. Para el caso de Washington DC , ser\u00edan $3960 anuales por los pr\u00f3ximos 15 a\u00f1os aproximadamente.<\/li>\n<li>Para m\u00e1s informaci\u00f3n visita: <a href=\"https:\/\/srectrade.com\/\">https:\/\/srectrade.com\/<\/a><\/li>\n<li>Somos contratistas autorizados por el Gobierno de Maryland.<br \/>\n<a href=\"https:\/\/energy.maryland.gov\/residential\/Pages\/incentives\/Maryland-Solar-Access-Program.aspx\">https:\/\/energy.maryland.gov\/residential\/Pages\/incentives\/Maryland-Solar-Access-Program.aspx<\/a><\/li>\n<\/ul>\n<\/div>[\/vc_column][vc_column width=&#8221;1\/2&#8243; el_class=&#8221;beneficiosfoto&#8221;][vc_single_image image=&#8221;347&#8243; img_size=&#8221;full&#8221;][vc_single_image image=&#8221;347&#8243; img_size=&#8221;full&#8221;][\/vc_column][\/vc_row][vc_row full_width=&#8221;stretch_row&#8221; gap=&#8221;20&#8243; equal_height=&#8221;yes&#8221; css=&#8221;.vc_custom_1747378913669{margin-bottom: 0px !important;padding-top: 20px !important;padding-bottom: 50px !important;background-color: #f9fdff !important;}&#8221; el_class=&#8221;listabeneficios&#8221;][vc_column width=&#8221;1\/2&#8243; el_class=&#8221;beneficiosfoto&#8221;][vc_row_inner][vc_column_inner width=&#8221;1\/2&#8243;][vc_single_image image=&#8221;880&#8243; img_size=&#8221;full&#8221; onclick=&#8221;custom_link&#8221; link=&#8221;https:\/\/energy.maryland.gov\/pages\/info\/renewable\/solar.aspx&#8221;][\/vc_column_inner][vc_column_inner width=&#8221;1\/2&#8243;][vc_single_image image=&#8221;772&#8243; img_size=&#8221;large&#8221; onclick=&#8221;custom_link&#8221; link=&#8221;https:\/\/energy.maryland.gov\/Pages\/default.aspx&#8221;][\/vc_column_inner][\/vc_row_inner][\/vc_column][vc_column width=&#8221;1\/2&#8243;]<div class=\"gem-list gem-list-type-checkbox gem-list-color-4\" ><ul>\n<li>El Departamento de Administraci\u00f3n de la Energ\u00eda de Maryland tiene un fondo de 15 millones de dolares para el Maryland Solar Access Program y otorga un Grant como incentivo de reembolso de energ\u00eda limpia residencial de hasta $7,500 d\u00f3lares por proyecto por cualquier sistema solar instalado.<\/li>\n<li>Los Condados de Prince George, Baltimore y Ann Arundel otorgan un cr\u00e9dito para los impuestos de propiedad de hasta $5,000 por proyecto de energ\u00eda solar.<\/li>\n<li>Llenar formulario,\u00a0 adjuntar copias requeridas y notarizar firma son los requerimientos. Y dependiendo de los fondos disponibles ser\u00e1n programados los cr\u00e9ditos a los propietarios de viviendas.<\/li>\n<\/ul>\n<\/div>[\/vc_column][\/vc_row]<\/p>\n","protected":false},"excerpt":{"rendered":"<p>[vc_row full_width=&#8221;stretch_row_content_no_spaces&#8221; el_disable_mobile=&#8221;1&#8243; css=&#8221;.vc_custom_1663140430070{margin-top: 0px !important;margin-right: 0px !important;margin-bottom: 0px !important;margin-left: 0px !important;border-top-width: 0px !important;border-right-width: 0px !important;border-bottom-width: 0px !important;border-left-width: 0px !important;padding-top:&#8230;<\/p>\n","protected":false},"author":1,"featured_media":0,"parent":0,"menu_order":0,"comment_status":"closed","ping_status":"closed","template":"","meta":{"footnotes":""},"class_list":["post-331","page","type-page","status-publish"],"_links":{"self":[{"href":"https:\/\/rafsolarpower.com\/index.php\/wp-json\/wp\/v2\/pages\/331","targetHints":{"allow":["GET"]}}],"collection":[{"href":"https:\/\/rafsolarpower.com\/index.php\/wp-json\/wp\/v2\/pages"}],"about":[{"href":"https:\/\/rafsolarpower.com\/index.php\/wp-json\/wp\/v2\/types\/page"}],"author":[{"embeddable":true,"href":"https:\/\/rafsolarpower.com\/index.php\/wp-json\/wp\/v2\/users\/1"}],"replies":[{"embeddable":true,"href":"https:\/\/rafsolarpower.com\/index.php\/wp-json\/wp\/v2\/comments?post=331"}],"version-history":[{"count":66,"href":"https:\/\/rafsolarpower.com\/index.php\/wp-json\/wp\/v2\/pages\/331\/revisions"}],"predecessor-version":[{"id":933,"href":"https:\/\/rafsolarpower.com\/index.php\/wp-json\/wp\/v2\/pages\/331\/revisions\/933"}],"wp:attachment":[{"href":"https:\/\/rafsolarpower.com\/index.php\/wp-json\/wp\/v2\/media?parent=331"}],"curies":[{"name":"wp","href":"https:\/\/api.w.org\/{rel}","templated":true}]}}